{"id":30,"date":"2012-02-06T16:15:43","date_gmt":"2012-02-06T16:15:43","guid":{"rendered":"http:\/\/www.theinsighter.de\/?page_id=30"},"modified":"2023-01-26T12:32:34","modified_gmt":"2023-01-26T11:32:34","slug":"about-der-titel-kann-geandert-werden","status":"publish","type":"page","link":"http:\/\/www.theinsighter.de\/?page_id=30","title":{"rendered":"Bunt ist meine Lieblingsfarbe."},"content":{"rendered":"<style type=\"text\/css\"><!-- #single img { display:block; margin: 10px 0 10px -102px; } --><\/style>\n<h2>\u00a0(Walter Gropius)<\/h2>\n<p>Seit ich mich erinnern kann, wechselten die Dinge in meiner Umgebung in regelm\u00e4ssigen Abst\u00e4nden die Farbe. So erging es meinem Fahrrad als Kind und ebenso meinen M\u00f6beln. Der K\u00fcchenschrank war schon gr\u00fcn und orange, letztlich wei\u00df. Es gab auch Phasen auf dem Weg, die man heute zu Recht fragw\u00fcrdig finden darf. In der studentischen Wohngemeinschaft hatten wir eine pinke K\u00fcchenwand mit viel Glitzer. Mein eigener Stil ist heute reduzierter. Vielleicht auch nur im Moment\u2026<br \/>\nAch \u00fcbrigens: Mein Name ist <em><a href=\"http:\/\/www.petrastockhausen.de\" target=\"_blank\" rel=\"noopener\">Petra Stockhausen<\/a><\/em>. Ich bin Fotografin, Augenmensch,\u2026<\/p>\n<p>Um den pers\u00f6nlichen Stil geht es auf dieser Seite. Wie leben Menschen? Wie und wo arbeiten sie? Wohnen, leben und arbeiten ist so individuell und so spannend. Ich freue mich auf kreative Menschen und inspirierende Begegnungen in bunten, einfarbigen, modernen, antiken, \u00fcbersichtlichen, vollen oder leeren, vor allem aber in einzigartigen R\u00e4umen!<br \/>\n<img loading=\"lazy\" decoding=\"async\" src=\"http:\/\/www.theinsighter.de\/wp-content\/uploads\/2012\/02\/Petra-Stockhausen_web.jpg\" alt=\"\" width=\"874\" height=\"583\" \/><\/p>\n<h1>Multicoloured is my favourite colour.<\/h1>\n<h2>(Walter Gropius)<\/h2>\n<p>For as long as I can remember, the things around me changed colour at regular intervals. This was the case of my bicycle when I was a child and also my furniture. The kitchen cabinet was green and orange and then finally white. There were also phases on the way, which one might rightly find questionable today. In the shared student flat we had a pink kitchen wall with lots of glitter. My own style is more restrained nowadays. Perhaps only at the moment\u2026<br \/>\nBy the way: My name is <em><a href=\"http:\/\/www.petrastockhausen.de\" target=\"_blank\" rel=\"noopener\">Petra Stockhausen<\/a><\/em>. I am a photographer, a visual person,\u2026<\/p>\n<p style=\"text-align: left;\">This site is about personal style. How do people live? How and where do they work? Life, living and working is so individual and so exciting. I rejoice in creative people and inspiring meetings in colourful or monochrome, modern or antique, open, full or empty spaces\u00a0but especially in unique ones!<\/p>\n<p>&nbsp;<\/p>\n","protected":false},"excerpt":{"rendered":"<p>\u00a0(Walter Gropius) Seit ich mich erinnern kann, wechselten die Dinge in meiner Umgebung in regelm\u00e4ssigen Abst\u00e4nden die Farbe. So erging es meinem Fahrrad als Kind und ebenso meinen M\u00f6beln. Der K\u00fcchenschrank war schon gr\u00fcn und orange, letztlich wei\u00df. Es gab auch Phasen auf dem Weg, die man heute zu Recht fragw\u00fcrdig finden darf. In der [&hellip;]<\/p>\n","protected":false},"author":3,"featured_media":0,"parent":0,"menu_order":0,"comment_status":"closed","ping_status":"closed","template":"","meta":{"footnotes":""},"class_list":["post-30","page","type-page","status-publish","hentry"],"_links":{"self":[{"href":"http:\/\/www.theinsighter.de\/index.php?rest_route=\/wp\/v2\/pages\/30","targetHints":{"allow":["GET"]}}],"collection":[{"href":"http:\/\/www.theinsighter.de\/index.php?rest_route=\/wp\/v2\/pages"}],"about":[{"href":"http:\/\/www.theinsighter.de\/index.php?rest_route=\/wp\/v2\/types\/page"}],"author":[{"embeddable":true,"href":"http:\/\/www.theinsighter.de\/index.php?rest_route=\/wp\/v2\/users\/3"}],"replies":[{"embeddable":true,"href":"http:\/\/www.theinsighter.de\/index.php?rest_route=%2Fwp%2Fv2%2Fcomments&post=30"}],"version-history":[{"count":122,"href":"http:\/\/www.theinsighter.de\/index.php?rest_route=\/wp\/v2\/pages\/30\/revisions"}],"predecessor-version":[{"id":2736,"href":"http:\/\/www.theinsighter.de\/index.php?rest_route=\/wp\/v2\/pages\/30\/revisions\/2736"}],"wp:attachment":[{"href":"http:\/\/www.theinsighter.de\/index.php?rest_route=%2Fwp%2Fv2%2Fmedia&parent=30"}],"curies":[{"name":"wp","href":"https:\/\/api.w.org\/{rel}","templated":true}]}}